{"id":1472,"date":"2024-04-30T11:39:58","date_gmt":"2024-04-30T11:39:58","guid":{"rendered":"https:\/\/pixva.de\/?page_id=1472"},"modified":"2024-07-08T20:55:46","modified_gmt":"2024-07-08T20:55:46","slug":"zuruecksetzen","status":"publish","type":"page","link":"https:\/\/rundumschaden.de\/tr\/zuruecksetzen","title":{"rendered":"S\u0131f\u0131rla"},"content":{"rendered":"<div data-elementor-type=\"wp-page\" data-elementor-id=\"1472\" class=\"elementor elementor-1472\">\n\t\t\t\t<div class=\"elementor-element elementor-element-bdbd075 e-con-full e-flex e-con e-parent\" data-id=\"bdbd075\" data-element_type=\"container\" data-settings=\"{&quot;background_background&quot;:&quot;classic&quot;}\">\n\t\t<div class=\"elementor-element elementor-element-0450d5c e-con-full elementor-hidden-tablet elementor-hidden-mobile e-flex e-con e-child\" data-id=\"0450d5c\" data-element_type=\"container\" data-settings=\"{&quot;background_background&quot;:&quot;classic&quot;}\">\n\t\t\t\t<div class=\"elementor-element elementor-element-c552933 elementor-hidden-tablet elementor-hidden-mobile elementor-widget elementor-widget-image\" data-id=\"c552933\" data-element_type=\"widget\" data-widget_type=\"image.default\">\n\t\t\t\t<div class=\"elementor-widget-container\">\n\t\t\t<style>\/*! elementor - v3.22.0 - 26-06-2024 *\/\n.elementor-widget-image{text-align:center}.elementor-widget-image a{display:inline-block}.elementor-widget-image a img[src$=\".svg\"]{width:48px}.elementor-widget-image img{vertical-align:middle;display:inline-block}<\/style>\t\t\t\t\t\t\t\t\t\t<img fetchpriority=\"high\" decoding=\"async\" width=\"1920\" height=\"900\" src=\"https:\/\/rundumschaden.de\/wp-content\/uploads\/2024\/04\/Titel.svg\" class=\"attachment-full size-full wp-image-2112\" alt=\"\" \/>\t\t\t\t\t\t\t\t\t\t\t\t\t<\/div>\n\t\t\t\t<\/div>\n\t\t\t\t<\/div>\n\t\t<div class=\"elementor-element elementor-element-aad51e2 e-con-full e-flex e-con e-child\" data-id=\"aad51e2\" data-element_type=\"container\" data-settings=\"{&quot;background_background&quot;:&quot;gradient&quot;}\">\n\t\t\t\t<div class=\"elementor-element elementor-element-ceaedcc elementor-widget elementor-widget-html\" data-id=\"ceaedcc\" data-element_type=\"widget\" data-widget_type=\"html.default\">\n\t\t\t\t<div class=\"elementor-widget-container\">\n\t\t\t<style>\n    \nhtml .page{\n\tmargin-top:0%!important;\n}\n\n@media only screen and (max-width: 700px) {\nhtml .page{\n\tmargin-top:0%!important;\n}\n}\n\ndiv.page-content{\n\tmargin:0px!important;\n\tpadding-left:0px!important;\n}\nform label,.um-field-label-icon,.um-form span,.um-link-alt,.um-icon-android-checkbox-outline-blan,.um-icon-android-checkbox-outline{\n    color:#fff!important;\n    font-family: \"Baloo 2\";\n}\n    \n<\/style>\t\t<\/div>\n\t\t\t\t<\/div>\n\t\t\t\t<div class=\"elementor-element elementor-element-6706b96 elementor-hidden-widescreen elementor-hidden-desktop elementor-hidden-tablet_extra elementor-widget elementor-widget-image\" data-id=\"6706b96\" data-element_type=\"widget\" data-widget_type=\"image.default\">\n\t\t\t\t<div class=\"elementor-widget-container\">\n\t\t\t\t\t\t\t\t\t\t\t\t\t<img decoding=\"async\" width=\"800\" height=\"375\" src=\"https:\/\/rundumschaden.de\/wp-content\/uploads\/2024\/04\/Titel-3.svg\" class=\"attachment-large size-large wp-image-2134\" alt=\"\" \/>\t\t\t\t\t\t\t\t\t\t\t\t\t<\/div>\n\t\t\t\t<\/div>\n\t\t\t\t<div class=\"elementor-element elementor-element-42d3b2b elementor-position-left elementor-vertical-align-middle elementor-mobile-position-left elementor-vertical-align-middle elementor-view-default elementor-widget elementor-widget-icon-box\" data-id=\"42d3b2b\" data-element_type=\"widget\" data-widget_type=\"icon-box.default\">\n\t\t\t\t<div class=\"elementor-widget-container\">\n\t\t\t<link rel=\"stylesheet\" href=\"https:\/\/rundumschaden.de\/wp-content\/uploads\/elementor\/css\/custom-widget-icon-box.min.css?ver=1720363586\">\t\t<div class=\"elementor-icon-box-wrapper\">\n\n\t\t\t\t\t\t<div class=\"elementor-icon-box-icon\">\n\t\t\t\t<span  class=\"elementor-icon elementor-animation-\">\n\t\t\t\t<svg xmlns=\"http:\/\/www.w3.org\/2000\/svg\" height=\"24\" viewbox=\"0 -960 960 960\" width=\"24\"><path d=\"M520-140q-67.85 0-128.31-25.19-60.46-25.2-107.53-69.73l43.15-42.77q38.77 36.23 87.42 56.96Q463.38-200 520-200q116.38 0 198.19-81.81T800-480q0-116-82-198t-198-82q-116 0-198 82t-82 198v31.23l79.54-79.54 42.77 41.77L210-334.23 57.69-486.54l42.77-41.77L180-447.77V-480q0-70.8 26.77-132.63t72.77-107.83q46-46 107.82-72.77Q449.19-820 519.98-820t132.63 26.77q61.85 26.77 107.85 72.77 46 46 72.77 107.82Q860-550.82 860-480.03q0 141.57-99.17 240.8Q661.67-140 520-140Zm-80-184.62q-16.02 0-26.86-10.83-10.83-10.84-10.83-26.86v-120q0-16.02 11.5-26.85 11.5-10.84 28.5-10.84v-42.31q0-32.05 22.82-54.87T520-640q32.05 0 54.87 22.82t22.82 54.87V-520q17 0 28.5 10.84 11.5 10.83 11.5 26.85v120q0 16.02-10.83 26.86-10.84 10.83-26.86 10.83H440ZM477.69-520h84.62v-42.16q0-17.92-12.27-30.19T520-604.62q-17.77 0-30.04 12.27t-12.27 30.19V-520Z\"><\/path><\/svg>\t\t\t\t<\/span>\n\t\t\t<\/div>\n\t\t\t\n\t\t\t\t\t\t<div class=\"elementor-icon-box-content\">\n\n\t\t\t\t\t\t\t\t\t<h3 class=\"elementor-icon-box-title\">\n\t\t\t\t\t\t<span  >\n\t\t\t\t\t\t\t\u015eifreyi s\u0131f\u0131rla\t\t\t\t\t\t<\/span>\n\t\t\t\t\t<\/h3>\n\t\t\t\t\n\t\t\t\t\n\t\t\t<\/div>\n\t\t\t\n\t\t<\/div>\n\t\t\t\t<\/div>\n\t\t\t\t<\/div>\n\t\t\t\t<div class=\"elementor-element elementor-element-88b73c3 elementor-widget elementor-widget-shortcode\" data-id=\"88b73c3\" data-element_type=\"widget\" data-widget_type=\"shortcode.default\">\n\t\t\t\t<div class=\"elementor-widget-container\">\n\t\t\t\t\t<div class=\"elementor-shortcode\">\n<div class=\"um um-password um-um_password_id\">\n\t<div class=\"um-form\">\n\t\t<form method=\"post\" action=\"\" data-trp-original-action=\"\">\n\t\t\t\n\t\t\t\t<input type=\"hidden\" name=\"_um_password_reset\" id=\"_um_password_reset\" value=\"1\" \/>\n\n\t\t\t\t\t\t\t\t\t<div class=\"um-field um-field-block um-field-type_block\">\n\t\t\t\t\t\t<div class=\"um-field-block\">\n\t\t\t\t\t\t\t<div style=\"text-align:center;\">\n\t\t\t\t\t\t\t\t\u015eifrenizi s\u0131f\u0131rlamak i\u00e7in l\u00fctfen a\u015fa\u011f\u0131ya e-posta adresinizi veya kullan\u0131c\u0131 ad\u0131n\u0131z\u0131 girin.\t\t\t\t\t\t\t<\/div>\n\t\t\t\t\t\t<\/div>\n\t\t\t\t\t<\/div>\n\t\t\t\t<div  id=\"um_field_0_username_b\" class=\"um-field um-field-text  um-field-username_b um-field-text um-field-type_text\" data-key=\"username_b\"><div class=\"um-field-area\"><input  autocomplete=\"off\" class=\"um-form-field valid\" type=\"text\" name=\"username_b\" id=\"username_b\" value=\"\" placeholder=\"Kullan\u0131c\u0131 ad\u0131n\u0131z\u0131 veya e-postan\u0131z\u0131 girin\" data-validate=\"\" data-key=\"username_b\"  aria-invalid=\"false\" \/>\n\n\t\t\t\t\t\t<\/div><\/div>\n\t\t\t\t<div class=\"um-col-alt um-col-alt-b\">\n\n\t\t\t\t\t<div class=\"um-center\">\n\t\t\t\t\t\t<input type=\"submit\" value=\"\u015eifreyi s\u0131f\u0131rla\" class=\"um-button\" id=\"um-submit-btn\" \/>\n\t\t\t\t\t<\/div>\n\n\t\t\t\t\t<div class=\"um-clear\"><\/div>\n\n\t\t\t\t<\/div>\n\n\t\t\t\t\t\t<input type=\"hidden\" name=\"form_id\" id=\"form_id_um_password_id\" value=\"um_password_id\" \/>\n\t\n\t<p class=\"um_request_name\">\n\t\t<label for=\"um_request_um_password_id\">Sadece insan de\u011filseniz doldurun<\/label>\n\t\t<input type=\"hidden\" name=\"um_request\" id=\"um_request_um_password_id\" class=\"input\" value=\"\" size=\"25\" autocomplete=\"off\" \/>\n\t<\/p>\n\n\t\t\t<input type=\"hidden\" name=\"trp-form-language\" value=\"tr\"\/><\/form>\n\t<\/div>\n<\/div>\n<style>\n\t\t\t.um-um_password_id.um {\n\t\t\tmax-width: 450px;\n\t\t}\n\t\t<\/style>\n<\/div>\n\t\t\t\t<\/div>\n\t\t\t\t<\/div>\n\t\t\t\t<\/div>\n\t\t\t\t<\/div>\n\t\t\t\t<\/div>","protected":false},"excerpt":{"rendered":"<p>\u015eifreyi s\u0131f\u0131rla<\/p>","protected":false},"author":1,"featured_media":0,"parent":0,"menu_order":0,"comment_status":"closed","ping_status":"closed","template":"","meta":{"footnotes":""},"seitenart_system":[25,24],"class_list":["post-1472","page","type-page","status-publish","hentry","seitenart_system-anmlede","seitenart_system-extern"],"_links":{"self":[{"href":"https:\/\/rundumschaden.de\/tr\/wp-json\/wp\/v2\/pages\/1472","targetHints":{"allow":["GET"]}}],"collection":[{"href":"https:\/\/rundumschaden.de\/tr\/wp-json\/wp\/v2\/pages"}],"about":[{"href":"https:\/\/rundumschaden.de\/tr\/wp-json\/wp\/v2\/types\/page"}],"author":[{"embeddable":true,"href":"https:\/\/rundumschaden.de\/tr\/wp-json\/wp\/v2\/users\/1"}],"replies":[{"embeddable":true,"href":"https:\/\/rundumschaden.de\/tr\/wp-json\/wp\/v2\/comments?post=1472"}],"version-history":[{"count":19,"href":"https:\/\/rundumschaden.de\/tr\/wp-json\/wp\/v2\/pages\/1472\/revisions"}],"predecessor-version":[{"id":2179,"href":"https:\/\/rundumschaden.de\/tr\/wp-json\/wp\/v2\/pages\/1472\/revisions\/2179"}],"wp:attachment":[{"href":"https:\/\/rundumschaden.de\/tr\/wp-json\/wp\/v2\/media?parent=1472"}],"wp:term":[{"taxonomy":"seitenart_system","embeddable":true,"href":"https:\/\/rundumschaden.de\/tr\/wp-json\/wp\/v2\/seitenart_system?post=1472"}],"curies":[{"name":"wp","href":"https:\/\/api.w.org\/{rel}","templated":true}]}}