{"id":3622,"date":"2024-07-08T18:04:58","date_gmt":"2024-07-08T18:04:58","guid":{"rendered":"https:\/\/rundumschaden.de\/?page_id=3622"},"modified":"2024-07-08T21:22:28","modified_gmt":"2024-07-08T21:22:28","slug":"impressum","status":"publish","type":"page","link":"https:\/\/rundumschaden.de\/en\/impressum","title":{"rendered":"Imprint"},"content":{"rendered":"<div data-elementor-type=\"wp-page\" data-elementor-id=\"3622\" class=\"elementor elementor-3622\">\n\t\t\t\t<div class=\"elementor-element elementor-element-101f4738 e-con-full e-flex e-con e-parent\" data-id=\"101f4738\" data-element_type=\"container\">\n\t\t<div class=\"elementor-element elementor-element-2f790f4 e-con-full e-flex e-con e-child\" data-id=\"2f790f4\" data-element_type=\"container\">\n\t\t<div class=\"elementor-element elementor-element-6f8480a9 e-con-full e-flex e-con e-child\" data-id=\"6f8480a9\" data-element_type=\"container\">\n\t\t<div class=\"elementor-element elementor-element-26df9a52 e-con-full e-flex e-con e-child\" data-id=\"26df9a52\" data-element_type=\"container\" data-settings=\"{&quot;background_background&quot;:&quot;classic&quot;}\">\n\t\t\t\t<div class=\"elementor-element elementor-element-cbf3194 elementor-widget elementor-widget-heading\" data-id=\"cbf3194\" data-element_type=\"widget\" data-widget_type=\"heading.default\">\n\t\t\t\t<div class=\"elementor-widget-container\">\n\t\t\t<style>\/*! elementor - v3.22.0 - 26-06-2024 *\/\n.elementor-heading-title{padding:0;margin:0;line-height:1}.elementor-widget-heading .elementor-heading-title[class*=elementor-size-]>a{color:inherit;font-size:inherit;line-height:inherit}.elementor-widget-heading .elementor-heading-title.elementor-size-small{font-size:15px}.elementor-widget-heading .elementor-heading-title.elementor-size-medium{font-size:19px}.elementor-widget-heading .elementor-heading-title.elementor-size-large{font-size:29px}.elementor-widget-heading .elementor-heading-title.elementor-size-xl{font-size:39px}.elementor-widget-heading .elementor-heading-title.elementor-size-xxl{font-size:59px}<\/style><h2 class=\"elementor-heading-title elementor-size-default\">Imprint<\/h2>\t\t<\/div>\n\t\t\t\t<\/div>\n\t\t\t\t<div class=\"elementor-element elementor-element-766907d elementor-widget__width-inherit elementor-widget elementor-widget-text-editor\" data-id=\"766907d\" data-element_type=\"widget\" data-widget_type=\"text-editor.default\">\n\t\t\t\t<div class=\"elementor-widget-container\">\n\t\t\t<style>\/*! elementor - v3.22.0 - 26-06-2024 *\/\n.elementor-widget-text-editor.elementor-drop-cap-view-stacked .elementor-drop-cap{background-color:#69727d;color:#fff}.elementor-widget-text-editor.elementor-drop-cap-view-framed .elementor-drop-cap{color:#69727d;border:3px solid;background-color:transparent}.elementor-widget-text-editor:not(.elementor-drop-cap-view-default) .elementor-drop-cap{margin-top:8px}.elementor-widget-text-editor:not(.elementor-drop-cap-view-default) .elementor-drop-cap-letter{width:1em;height:1em}.elementor-widget-text-editor .elementor-drop-cap{float:left;text-align:center;line-height:1;font-size:50px}.elementor-widget-text-editor .elementor-drop-cap-letter{display:inline-block}<\/style>\t\t\t\t<p><strong>Tellfi Ltd.<\/strong><\/p><p>Hohe Str. 74,<br \/>70794 Filderstadt<\/p><p>E-mail: hallo@rundumschaden.de<\/p><p><strong>Authorized to represent:<\/strong><\/p><p>Alexander Tellbach<\/p><p><strong>Register court:\u00a0<\/strong>Commercial register70190 Stuttgart<br \/><strong>Register number:\u00a0<\/strong>HRB 766192<\/p><p><strong>Information on the currently responsible supervisory authority:<\/strong><br \/>IHK Stuttgart<br \/>J\u00e4gerstr. 30<br \/>70174 Stuttgart<\/p>\t\t\t\t\t\t<\/div>\n\t\t\t\t<\/div>\n\t\t\t\t<\/div>\n\t\t\t\t<\/div>\n\t\t\t\t<\/div>\n\t\t\t\t<\/div>\n\t\t\t\t<\/div>","protected":false},"excerpt":{"rendered":"<p>Impressum Tellfi GmbH Hohe Str. 74,70794 Filderstadt E-Mail: hallo@rundumschaden.de Vertretungsberechtigt: Alexander Tellbach Registergericht:\u00a0Handelsregister70190 StuttgartRegisternummer:\u00a0HRB 766192 Angaben zu der aktuell zust\u00e4ndigen Aufsichtsbeh\u00f6rde:IHK StuttgartJ\u00e4gerstr. 3070174 Stuttgart<\/p>","protected":false},"author":1,"featured_media":0,"parent":0,"menu_order":0,"comment_status":"closed","ping_status":"closed","template":"","meta":{"footnotes":""},"seitenart_system":[24],"class_list":["post-3622","page","type-page","status-publish","hentry","seitenart_system-extern"],"_links":{"self":[{"href":"https:\/\/rundumschaden.de\/en\/wp-json\/wp\/v2\/pages\/3622","targetHints":{"allow":["GET"]}}],"collection":[{"href":"https:\/\/rundumschaden.de\/en\/wp-json\/wp\/v2\/pages"}],"about":[{"href":"https:\/\/rundumschaden.de\/en\/wp-json\/wp\/v2\/types\/page"}],"author":[{"embeddable":true,"href":"https:\/\/rundumschaden.de\/en\/wp-json\/wp\/v2\/users\/1"}],"replies":[{"embeddable":true,"href":"https:\/\/rundumschaden.de\/en\/wp-json\/wp\/v2\/comments?post=3622"}],"version-history":[{"count":5,"href":"https:\/\/rundumschaden.de\/en\/wp-json\/wp\/v2\/pages\/3622\/revisions"}],"predecessor-version":[{"id":3654,"href":"https:\/\/rundumschaden.de\/en\/wp-json\/wp\/v2\/pages\/3622\/revisions\/3654"}],"wp:attachment":[{"href":"https:\/\/rundumschaden.de\/en\/wp-json\/wp\/v2\/media?parent=3622"}],"wp:term":[{"taxonomy":"seitenart_system","embeddable":true,"href":"https:\/\/rundumschaden.de\/en\/wp-json\/wp\/v2\/seitenart_system?post=3622"}],"curies":[{"name":"wp","href":"https:\/\/api.w.org\/{rel}","templated":true}]}}